{"id":961,"date":"2017-09-15T09:25:59","date_gmt":"2017-09-15T09:25:59","guid":{"rendered":"http:\/\/hopinnew.hopintaxi.com\/vodic-hopin-taxi\/"},"modified":"2021-06-10T08:50:17","modified_gmt":"2021-06-10T08:50:17","slug":"driver","status":"publish","type":"page","link":"https:\/\/hopintaxi.com\/sl\/driver\/","title":{"rendered":"Voznik"},"content":{"rendered":"","protected":false},"excerpt":{"rendered":"","protected":false},"author":1,"featured_media":9872,"parent":0,"menu_order":0,"comment_status":"closed","ping_status":"closed","template":"template-pages\/page-hero-header.php","meta":{"_acf_changed":false,"_mo_disable_npp":"","inline_featured_image":false,"footnotes":""},"tags":[],"class_list":["post-961","page","type-page","status-publish","has-post-thumbnail","hentry"],"acf":[],"yoast_head":"<!-- This site is optimized with the Yoast SEO plugin v27.4 - https:\/\/yoast.com\/product\/yoast-seo-wordpress\/ -->\n<title>HOPIN TAXI - Voznik<\/title>\n<meta name=\"description\" content=\"Pridobite \u0161e ve\u010d naro\u010dil.\" \/>\n<meta name=\"robots\" content=\"index, follow, max-snippet:-1, max-image-preview:large, max-video-preview:-1\" \/>\n<link rel=\"canonical\" href=\"https:\/\/hopintaxi.com\/sl\/driver\/\" \/>\n<meta property=\"og:locale\" content=\"sl_SI\" \/>\n<meta property=\"og:type\" content=\"article\" \/>\n<meta property=\"og:title\" content=\"HOPIN TAXI - Voznik\" \/>\n<meta property=\"og:description\" content=\"Pridobite \u0161e ve\u010d naro\u010dil.\" \/>\n<meta property=\"og:url\" content=\"https:\/\/hopintaxi.com\/sl\/driver\/\" \/>\n<meta property=\"og:site_name\" content=\"Wordpress\" \/>\n<meta property=\"article:modified_time\" content=\"2021-06-10T08:50:17+00:00\" \/>\n<meta name=\"twitter:card\" content=\"summary_large_image\" \/>\n<script type=\"application\/ld+json\" class=\"yoast-schema-graph\">{\"@context\":\"https:\\\/\\\/schema.org\",\"@graph\":[{\"@type\":\"WebPage\",\"@id\":\"https:\\\/\\\/hopintaxi.com\\\/sl\\\/driver\\\/\",\"url\":\"https:\\\/\\\/hopintaxi.com\\\/sl\\\/driver\\\/\",\"name\":\"HOPIN TAXI - Voznik\",\"isPartOf\":{\"@id\":\"https:\\\/\\\/hopintaxi.com\\\/hu\\\/#website\"},\"primaryImageOfPage\":{\"@id\":\"https:\\\/\\\/hopintaxi.com\\\/sl\\\/driver\\\/#primaryimage\"},\"image\":{\"@id\":\"https:\\\/\\\/hopintaxi.com\\\/sl\\\/driver\\\/#primaryimage\"},\"thumbnailUrl\":\"https:\\\/\\\/hopintaxi.com\\\/wp-content\\\/uploads\\\/2022\\\/01\\\/taxi_21.jpg\",\"datePublished\":\"2017-09-15T09:25:59+00:00\",\"dateModified\":\"2021-06-10T08:50:17+00:00\",\"description\":\"Pridobite \u0161e ve\u010d naro\u010dil.\",\"breadcrumb\":{\"@id\":\"https:\\\/\\\/hopintaxi.com\\\/sl\\\/driver\\\/#breadcrumb\"},\"inLanguage\":\"sl-SI\",\"potentialAction\":[{\"@type\":\"ReadAction\",\"target\":[\"https:\\\/\\\/hopintaxi.com\\\/sl\\\/driver\\\/\"]}]},{\"@type\":\"ImageObject\",\"inLanguage\":\"sl-SI\",\"@id\":\"https:\\\/\\\/hopintaxi.com\\\/sl\\\/driver\\\/#primaryimage\",\"url\":\"https:\\\/\\\/hopintaxi.com\\\/wp-content\\\/uploads\\\/2022\\\/01\\\/taxi_21.jpg\",\"contentUrl\":\"https:\\\/\\\/hopintaxi.com\\\/wp-content\\\/uploads\\\/2022\\\/01\\\/taxi_21.jpg\",\"width\":1000,\"height\":750},{\"@type\":\"BreadcrumbList\",\"@id\":\"https:\\\/\\\/hopintaxi.com\\\/sl\\\/driver\\\/#breadcrumb\",\"itemListElement\":[{\"@type\":\"ListItem\",\"position\":1,\"name\":\"Home\",\"item\":\"https:\\\/\\\/hopintaxi.com\\\/sl\\\/\"},{\"@type\":\"ListItem\",\"position\":2,\"name\":\"Voznik\"}]},{\"@type\":\"WebSite\",\"@id\":\"https:\\\/\\\/hopintaxi.com\\\/hu\\\/#website\",\"url\":\"https:\\\/\\\/hopintaxi.com\\\/hu\\\/\",\"name\":\"Wordpress\",\"description\":\"Just another WordPress site\",\"potentialAction\":[{\"@type\":\"SearchAction\",\"target\":{\"@type\":\"EntryPoint\",\"urlTemplate\":\"https:\\\/\\\/hopintaxi.com\\\/hu\\\/?s={search_term_string}\"},\"query-input\":{\"@type\":\"PropertyValueSpecification\",\"valueRequired\":true,\"valueName\":\"search_term_string\"}}],\"inLanguage\":\"sl-SI\"}]}<\/script>\n<!-- \/ Yoast SEO plugin. -->","yoast_head_json":{"title":"HOPIN TAXI - Voznik","description":"Pridobite \u0161e ve\u010d naro\u010dil.","robots":{"index":"index","follow":"follow","max-snippet":"max-snippet:-1","max-image-preview":"max-image-preview:large","max-video-preview":"max-video-preview:-1"},"canonical":"https:\/\/hopintaxi.com\/sl\/driver\/","og_locale":"sl_SI","og_type":"article","og_title":"HOPIN TAXI - Voznik","og_description":"Pridobite \u0161e ve\u010d naro\u010dil.","og_url":"https:\/\/hopintaxi.com\/sl\/driver\/","og_site_name":"Wordpress","article_modified_time":"2021-06-10T08:50:17+00:00","twitter_card":"summary_large_image","schema":{"@context":"https:\/\/schema.org","@graph":[{"@type":"WebPage","@id":"https:\/\/hopintaxi.com\/sl\/driver\/","url":"https:\/\/hopintaxi.com\/sl\/driver\/","name":"HOPIN TAXI - Voznik","isPartOf":{"@id":"https:\/\/hopintaxi.com\/hu\/#website"},"primaryImageOfPage":{"@id":"https:\/\/hopintaxi.com\/sl\/driver\/#primaryimage"},"image":{"@id":"https:\/\/hopintaxi.com\/sl\/driver\/#primaryimage"},"thumbnailUrl":"https:\/\/hopintaxi.com\/wp-content\/uploads\/2022\/01\/taxi_21.jpg","datePublished":"2017-09-15T09:25:59+00:00","dateModified":"2021-06-10T08:50:17+00:00","description":"Pridobite \u0161e ve\u010d naro\u010dil.","breadcrumb":{"@id":"https:\/\/hopintaxi.com\/sl\/driver\/#breadcrumb"},"inLanguage":"sl-SI","potentialAction":[{"@type":"ReadAction","target":["https:\/\/hopintaxi.com\/sl\/driver\/"]}]},{"@type":"ImageObject","inLanguage":"sl-SI","@id":"https:\/\/hopintaxi.com\/sl\/driver\/#primaryimage","url":"https:\/\/hopintaxi.com\/wp-content\/uploads\/2022\/01\/taxi_21.jpg","contentUrl":"https:\/\/hopintaxi.com\/wp-content\/uploads\/2022\/01\/taxi_21.jpg","width":1000,"height":750},{"@type":"BreadcrumbList","@id":"https:\/\/hopintaxi.com\/sl\/driver\/#breadcrumb","itemListElement":[{"@type":"ListItem","position":1,"name":"Home","item":"https:\/\/hopintaxi.com\/sl\/"},{"@type":"ListItem","position":2,"name":"Voznik"}]},{"@type":"WebSite","@id":"https:\/\/hopintaxi.com\/hu\/#website","url":"https:\/\/hopintaxi.com\/hu\/","name":"Wordpress","description":"Just another WordPress site","potentialAction":[{"@type":"SearchAction","target":{"@type":"EntryPoint","urlTemplate":"https:\/\/hopintaxi.com\/hu\/?s={search_term_string}"},"query-input":{"@type":"PropertyValueSpecification","valueRequired":true,"valueName":"search_term_string"}}],"inLanguage":"sl-SI"}]}},"_links":{"self":[{"href":"https:\/\/hopintaxi.com\/sl\/wp-json\/wp\/v2\/pages\/961","targetHints":{"allow":["GET"]}}],"collection":[{"href":"https:\/\/hopintaxi.com\/sl\/wp-json\/wp\/v2\/pages"}],"about":[{"href":"https:\/\/hopintaxi.com\/sl\/wp-json\/wp\/v2\/types\/page"}],"author":[{"embeddable":true,"href":"https:\/\/hopintaxi.com\/sl\/wp-json\/wp\/v2\/users\/1"}],"replies":[{"embeddable":true,"href":"https:\/\/hopintaxi.com\/sl\/wp-json\/wp\/v2\/comments?post=961"}],"version-history":[{"count":0,"href":"https:\/\/hopintaxi.com\/sl\/wp-json\/wp\/v2\/pages\/961\/revisions"}],"wp:featuredmedia":[{"embeddable":true,"href":"https:\/\/hopintaxi.com\/sl\/wp-json\/wp\/v2\/media\/9872"}],"wp:attachment":[{"href":"https:\/\/hopintaxi.com\/sl\/wp-json\/wp\/v2\/media?parent=961"}],"wp:term":[{"taxonomy":"post_tag","embeddable":true,"href":"https:\/\/hopintaxi.com\/sl\/wp-json\/wp\/v2\/tags?post=961"}],"curies":[{"name":"wp","href":"https:\/\/api.w.org\/{rel}","templated":true}]}}