{"id":9981,"date":"2022-01-05T10:57:54","date_gmt":"2022-01-05T10:57:54","guid":{"rendered":"https:\/\/hopintaxi.com\/parking\/"},"modified":"2023-03-20T18:11:18","modified_gmt":"2023-03-20T18:11:18","slug":"parking","status":"publish","type":"page","link":"https:\/\/hopintaxi.com\/en\/parking\/","title":{"rendered":"HOPIN Parking"},"content":{"rendered":"","protected":false},"excerpt":{"rendered":"","protected":false},"author":2,"featured_media":52671,"parent":0,"menu_order":0,"comment_status":"closed","ping_status":"closed","template":"template-pages\/page-hero-header.php","meta":{"_acf_changed":false,"_mo_disable_npp":"","inline_featured_image":false,"footnotes":""},"tags":[55,56,57],"class_list":["post-9981","page","type-page","status-publish","has-post-thumbnail","hentry","tag-taxi-bratislava-en","tag-taxi-v-bratislave-en","tag-taxik-bratislava-en"],"acf":[],"yoast_head":"<!-- This site is optimized with the Yoast SEO plugin v27.4 - https:\/\/yoast.com\/product\/yoast-seo-wordpress\/ -->\n<title>HOPIN Parking - city public parking app. Available in Bratislava and Kosice<\/title>\n<meta name=\"description\" content=\"Book and pay for city public parking through HOPIN app. Do you need system for parking? Contact us. HOPIN Parking is available in Bratislava and Kosice.\" \/>\n<meta name=\"robots\" content=\"index, follow, max-snippet:-1, max-image-preview:large, max-video-preview:-1\" \/>\n<link rel=\"canonical\" href=\"https:\/\/hopintaxi.com\/en\/parking\/\" \/>\n<meta property=\"og:locale\" content=\"en_US\" \/>\n<meta property=\"og:type\" content=\"article\" \/>\n<meta property=\"og:title\" content=\"BUS - elektronick\u00fd l\u00edstok cez aplik\u00e1ciu\" \/>\n<meta property=\"og:description\" content=\"Cez HOPIN si m\u00f4\u017ee\u0161 k\u00fapi\u0165 elektronick\u00fd l\u00edstok na autobus. Vyu\u017ei jednoduch\u0161ie cestovanie s n\u00e1kupom cestovn\u00e9ho l\u00edstka online.\" \/>\n<meta property=\"og:url\" content=\"https:\/\/hopintaxi.com\/en\/parking\/\" \/>\n<meta property=\"og:site_name\" content=\"Wordpress\" \/>\n<meta property=\"article:modified_time\" content=\"2023-03-20T18:11:18+00:00\" \/>\n<meta name=\"twitter:card\" content=\"summary_large_image\" \/>\n<script type=\"application\/ld+json\" class=\"yoast-schema-graph\">{\"@context\":\"https:\\\/\\\/schema.org\",\"@graph\":[{\"@type\":\"WebPage\",\"@id\":\"https:\\\/\\\/hopintaxi.com\\\/en\\\/parking\\\/\",\"url\":\"https:\\\/\\\/hopintaxi.com\\\/en\\\/parking\\\/\",\"name\":\"HOPIN Parking - city public parking app. Available in Bratislava and Kosice\",\"isPartOf\":{\"@id\":\"https:\\\/\\\/hopintaxi.com\\\/hu\\\/#website\"},\"primaryImageOfPage\":{\"@id\":\"https:\\\/\\\/hopintaxi.com\\\/en\\\/parking\\\/#primaryimage\"},\"image\":{\"@id\":\"https:\\\/\\\/hopintaxi.com\\\/en\\\/parking\\\/#primaryimage\"},\"thumbnailUrl\":\"https:\\\/\\\/hopintaxi.com\\\/wp-content\\\/uploads\\\/2023\\\/01\\\/blog-parking-1.png\",\"datePublished\":\"2022-01-05T10:57:54+00:00\",\"dateModified\":\"2023-03-20T18:11:18+00:00\",\"description\":\"Book and pay for city public parking through HOPIN app. Do you need system for parking? Contact us. HOPIN Parking is available in Bratislava and Kosice.\",\"breadcrumb\":{\"@id\":\"https:\\\/\\\/hopintaxi.com\\\/en\\\/parking\\\/#breadcrumb\"},\"inLanguage\":\"en-US\",\"potentialAction\":[{\"@type\":\"ReadAction\",\"target\":[\"https:\\\/\\\/hopintaxi.com\\\/en\\\/parking\\\/\"]}]},{\"@type\":\"ImageObject\",\"inLanguage\":\"en-US\",\"@id\":\"https:\\\/\\\/hopintaxi.com\\\/en\\\/parking\\\/#primaryimage\",\"url\":\"https:\\\/\\\/hopintaxi.com\\\/wp-content\\\/uploads\\\/2023\\\/01\\\/blog-parking-1.png\",\"contentUrl\":\"https:\\\/\\\/hopintaxi.com\\\/wp-content\\\/uploads\\\/2023\\\/01\\\/blog-parking-1.png\",\"width\":900,\"height\":600},{\"@type\":\"BreadcrumbList\",\"@id\":\"https:\\\/\\\/hopintaxi.com\\\/en\\\/parking\\\/#breadcrumb\",\"itemListElement\":[{\"@type\":\"ListItem\",\"position\":1,\"name\":\"Home\",\"item\":\"https:\\\/\\\/hopintaxi.com\\\/en\\\/\"},{\"@type\":\"ListItem\",\"position\":2,\"name\":\"HOPIN Parking\"}]},{\"@type\":\"WebSite\",\"@id\":\"https:\\\/\\\/hopintaxi.com\\\/hu\\\/#website\",\"url\":\"https:\\\/\\\/hopintaxi.com\\\/hu\\\/\",\"name\":\"Wordpress\",\"description\":\"Just another WordPress site\",\"potentialAction\":[{\"@type\":\"SearchAction\",\"target\":{\"@type\":\"EntryPoint\",\"urlTemplate\":\"https:\\\/\\\/hopintaxi.com\\\/hu\\\/?s={search_term_string}\"},\"query-input\":{\"@type\":\"PropertyValueSpecification\",\"valueRequired\":true,\"valueName\":\"search_term_string\"}}],\"inLanguage\":\"en-US\"}]}<\/script>\n<!-- \/ Yoast SEO plugin. -->","yoast_head_json":{"title":"HOPIN Parking - city public parking app. Available in Bratislava and Kosice","description":"Book and pay for city public parking through HOPIN app. Do you need system for parking? Contact us. HOPIN Parking is available in Bratislava and Kosice.","robots":{"index":"index","follow":"follow","max-snippet":"max-snippet:-1","max-image-preview":"max-image-preview:large","max-video-preview":"max-video-preview:-1"},"canonical":"https:\/\/hopintaxi.com\/en\/parking\/","og_locale":"en_US","og_type":"article","og_title":"BUS - elektronick\u00fd l\u00edstok cez aplik\u00e1ciu","og_description":"Cez HOPIN si m\u00f4\u017ee\u0161 k\u00fapi\u0165 elektronick\u00fd l\u00edstok na autobus. Vyu\u017ei jednoduch\u0161ie cestovanie s n\u00e1kupom cestovn\u00e9ho l\u00edstka online.","og_url":"https:\/\/hopintaxi.com\/en\/parking\/","og_site_name":"Wordpress","article_modified_time":"2023-03-20T18:11:18+00:00","twitter_card":"summary_large_image","schema":{"@context":"https:\/\/schema.org","@graph":[{"@type":"WebPage","@id":"https:\/\/hopintaxi.com\/en\/parking\/","url":"https:\/\/hopintaxi.com\/en\/parking\/","name":"HOPIN Parking - city public parking app. Available in Bratislava and Kosice","isPartOf":{"@id":"https:\/\/hopintaxi.com\/hu\/#website"},"primaryImageOfPage":{"@id":"https:\/\/hopintaxi.com\/en\/parking\/#primaryimage"},"image":{"@id":"https:\/\/hopintaxi.com\/en\/parking\/#primaryimage"},"thumbnailUrl":"https:\/\/hopintaxi.com\/wp-content\/uploads\/2023\/01\/blog-parking-1.png","datePublished":"2022-01-05T10:57:54+00:00","dateModified":"2023-03-20T18:11:18+00:00","description":"Book and pay for city public parking through HOPIN app. Do you need system for parking? Contact us. HOPIN Parking is available in Bratislava and Kosice.","breadcrumb":{"@id":"https:\/\/hopintaxi.com\/en\/parking\/#breadcrumb"},"inLanguage":"en-US","potentialAction":[{"@type":"ReadAction","target":["https:\/\/hopintaxi.com\/en\/parking\/"]}]},{"@type":"ImageObject","inLanguage":"en-US","@id":"https:\/\/hopintaxi.com\/en\/parking\/#primaryimage","url":"https:\/\/hopintaxi.com\/wp-content\/uploads\/2023\/01\/blog-parking-1.png","contentUrl":"https:\/\/hopintaxi.com\/wp-content\/uploads\/2023\/01\/blog-parking-1.png","width":900,"height":600},{"@type":"BreadcrumbList","@id":"https:\/\/hopintaxi.com\/en\/parking\/#breadcrumb","itemListElement":[{"@type":"ListItem","position":1,"name":"Home","item":"https:\/\/hopintaxi.com\/en\/"},{"@type":"ListItem","position":2,"name":"HOPIN Parking"}]},{"@type":"WebSite","@id":"https:\/\/hopintaxi.com\/hu\/#website","url":"https:\/\/hopintaxi.com\/hu\/","name":"Wordpress","description":"Just another WordPress site","potentialAction":[{"@type":"SearchAction","target":{"@type":"EntryPoint","urlTemplate":"https:\/\/hopintaxi.com\/hu\/?s={search_term_string}"},"query-input":{"@type":"PropertyValueSpecification","valueRequired":true,"valueName":"search_term_string"}}],"inLanguage":"en-US"}]}},"_links":{"self":[{"href":"https:\/\/hopintaxi.com\/en\/wp-json\/wp\/v2\/pages\/9981","targetHints":{"allow":["GET"]}}],"collection":[{"href":"https:\/\/hopintaxi.com\/en\/wp-json\/wp\/v2\/pages"}],"about":[{"href":"https:\/\/hopintaxi.com\/en\/wp-json\/wp\/v2\/types\/page"}],"author":[{"embeddable":true,"href":"https:\/\/hopintaxi.com\/en\/wp-json\/wp\/v2\/users\/2"}],"replies":[{"embeddable":true,"href":"https:\/\/hopintaxi.com\/en\/wp-json\/wp\/v2\/comments?post=9981"}],"version-history":[{"count":0,"href":"https:\/\/hopintaxi.com\/en\/wp-json\/wp\/v2\/pages\/9981\/revisions"}],"wp:featuredmedia":[{"embeddable":true,"href":"https:\/\/hopintaxi.com\/en\/wp-json\/wp\/v2\/media\/52671"}],"wp:attachment":[{"href":"https:\/\/hopintaxi.com\/en\/wp-json\/wp\/v2\/media?parent=9981"}],"wp:term":[{"taxonomy":"post_tag","embeddable":true,"href":"https:\/\/hopintaxi.com\/en\/wp-json\/wp\/v2\/tags?post=9981"}],"curies":[{"name":"wp","href":"https:\/\/api.w.org\/{rel}","templated":true}]}}