{"id":91123,"date":"2020-12-15T12:08:44","date_gmt":"2020-12-15T12:08:44","guid":{"rendered":"https:\/\/hopintaxi.com\/drivercourier\/"},"modified":"2023-08-31T13:03:56","modified_gmt":"2023-08-31T13:03:56","slug":"drivercourier","status":"publish","type":"page","link":"https:\/\/hopintaxi.com\/en\/drivercourier\/","title":{"rendered":"COURIER driver"},"content":{"rendered":"","protected":false},"excerpt":{"rendered":"","protected":false},"author":2,"featured_media":0,"parent":0,"menu_order":0,"comment_status":"closed","ping_status":"closed","template":"template-pages\/page-hero-header.php","meta":{"_acf_changed":false,"_mo_disable_npp":"","inline_featured_image":false,"footnotes":""},"tags":[],"class_list":["post-91123","page","type-page","status-publish","hentry"],"acf":[],"yoast_head":"<!-- This site is optimized with the Yoast SEO plugin v27.4 - https:\/\/yoast.com\/product\/yoast-seo-wordpress\/ -->\n<title>Kuri\u00e9r - HOPIN App<\/title>\n<meta name=\"description\" content=\"Pridaj sa k HOPIN kuri\u00e9rom. Z\u00edskaj z\u00e1kazn\u00edkov cez HOPIN aplik\u00e1ciu, ktor\u00e1 po novom doru\u010duje aj z\u00e1sielky. Registruj sa a pridaj sa k HOPIN kuri\u00e9rom u\u017e dnes. Aktu\u00e1lne voz\u00edme z\u00e1sielky najm\u00e4 v Bratislave, \u010doskoro pribudn\u00fa aj \u010fal\u0161ie mest\u00e1.\" \/>\n<meta name=\"robots\" content=\"index, follow, max-snippet:-1, max-image-preview:large, max-video-preview:-1\" \/>\n<link rel=\"canonical\" href=\"https:\/\/hopintaxi.com\/en\/drivercourier\/\" \/>\n<meta property=\"og:locale\" content=\"en_US\" \/>\n<meta property=\"og:type\" content=\"article\" \/>\n<meta property=\"og:title\" content=\"Kuri\u00e9r - HOPIN App\" \/>\n<meta property=\"og:description\" content=\"Pridaj sa k HOPIN kuri\u00e9rom. Z\u00edskaj z\u00e1kazn\u00edkov cez HOPIN aplik\u00e1ciu, ktor\u00e1 po novom doru\u010duje aj z\u00e1sielky. Registruj sa a pridaj sa k HOPIN kuri\u00e9rom u\u017e dnes. Aktu\u00e1lne voz\u00edme z\u00e1sielky najm\u00e4 v Bratislave, \u010doskoro pribudn\u00fa aj \u010fal\u0161ie mest\u00e1.\" \/>\n<meta property=\"og:url\" content=\"https:\/\/hopintaxi.com\/en\/drivercourier\/\" \/>\n<meta property=\"og:site_name\" content=\"Wordpress\" \/>\n<meta property=\"article:modified_time\" content=\"2023-08-31T13:03:56+00:00\" \/>\n<meta name=\"twitter:card\" content=\"summary_large_image\" \/>\n<script type=\"application\/ld+json\" class=\"yoast-schema-graph\">{\"@context\":\"https:\\\/\\\/schema.org\",\"@graph\":[{\"@type\":\"WebPage\",\"@id\":\"https:\\\/\\\/hopintaxi.com\\\/en\\\/drivercourier\\\/\",\"url\":\"https:\\\/\\\/hopintaxi.com\\\/en\\\/drivercourier\\\/\",\"name\":\"Kuri\u00e9r - HOPIN App\",\"isPartOf\":{\"@id\":\"https:\\\/\\\/hopintaxi.com\\\/hu\\\/#website\"},\"datePublished\":\"2020-12-15T12:08:44+00:00\",\"dateModified\":\"2023-08-31T13:03:56+00:00\",\"description\":\"Pridaj sa k HOPIN kuri\u00e9rom. Z\u00edskaj z\u00e1kazn\u00edkov cez HOPIN aplik\u00e1ciu, ktor\u00e1 po novom doru\u010duje aj z\u00e1sielky. Registruj sa a pridaj sa k HOPIN kuri\u00e9rom u\u017e dnes. Aktu\u00e1lne voz\u00edme z\u00e1sielky najm\u00e4 v Bratislave, \u010doskoro pribudn\u00fa aj \u010fal\u0161ie mest\u00e1.\",\"breadcrumb\":{\"@id\":\"https:\\\/\\\/hopintaxi.com\\\/en\\\/drivercourier\\\/#breadcrumb\"},\"inLanguage\":\"en-US\",\"potentialAction\":[{\"@type\":\"ReadAction\",\"target\":[\"https:\\\/\\\/hopintaxi.com\\\/en\\\/drivercourier\\\/\"]}]},{\"@type\":\"BreadcrumbList\",\"@id\":\"https:\\\/\\\/hopintaxi.com\\\/en\\\/drivercourier\\\/#breadcrumb\",\"itemListElement\":[{\"@type\":\"ListItem\",\"position\":1,\"name\":\"Home\",\"item\":\"https:\\\/\\\/hopintaxi.com\\\/en\\\/\"},{\"@type\":\"ListItem\",\"position\":2,\"name\":\"COURIER driver\"}]},{\"@type\":\"WebSite\",\"@id\":\"https:\\\/\\\/hopintaxi.com\\\/hu\\\/#website\",\"url\":\"https:\\\/\\\/hopintaxi.com\\\/hu\\\/\",\"name\":\"Wordpress\",\"description\":\"Just another WordPress site\",\"potentialAction\":[{\"@type\":\"SearchAction\",\"target\":{\"@type\":\"EntryPoint\",\"urlTemplate\":\"https:\\\/\\\/hopintaxi.com\\\/hu\\\/?s={search_term_string}\"},\"query-input\":{\"@type\":\"PropertyValueSpecification\",\"valueRequired\":true,\"valueName\":\"search_term_string\"}}],\"inLanguage\":\"en-US\"}]}<\/script>\n<!-- \/ Yoast SEO plugin. -->","yoast_head_json":{"title":"Kuri\u00e9r - HOPIN App","description":"Pridaj sa k HOPIN kuri\u00e9rom. Z\u00edskaj z\u00e1kazn\u00edkov cez HOPIN aplik\u00e1ciu, ktor\u00e1 po novom doru\u010duje aj z\u00e1sielky. Registruj sa a pridaj sa k HOPIN kuri\u00e9rom u\u017e dnes. Aktu\u00e1lne voz\u00edme z\u00e1sielky najm\u00e4 v Bratislave, \u010doskoro pribudn\u00fa aj \u010fal\u0161ie mest\u00e1.","robots":{"index":"index","follow":"follow","max-snippet":"max-snippet:-1","max-image-preview":"max-image-preview:large","max-video-preview":"max-video-preview:-1"},"canonical":"https:\/\/hopintaxi.com\/en\/drivercourier\/","og_locale":"en_US","og_type":"article","og_title":"Kuri\u00e9r - HOPIN App","og_description":"Pridaj sa k HOPIN kuri\u00e9rom. Z\u00edskaj z\u00e1kazn\u00edkov cez HOPIN aplik\u00e1ciu, ktor\u00e1 po novom doru\u010duje aj z\u00e1sielky. Registruj sa a pridaj sa k HOPIN kuri\u00e9rom u\u017e dnes. Aktu\u00e1lne voz\u00edme z\u00e1sielky najm\u00e4 v Bratislave, \u010doskoro pribudn\u00fa aj \u010fal\u0161ie mest\u00e1.","og_url":"https:\/\/hopintaxi.com\/en\/drivercourier\/","og_site_name":"Wordpress","article_modified_time":"2023-08-31T13:03:56+00:00","twitter_card":"summary_large_image","schema":{"@context":"https:\/\/schema.org","@graph":[{"@type":"WebPage","@id":"https:\/\/hopintaxi.com\/en\/drivercourier\/","url":"https:\/\/hopintaxi.com\/en\/drivercourier\/","name":"Kuri\u00e9r - HOPIN App","isPartOf":{"@id":"https:\/\/hopintaxi.com\/hu\/#website"},"datePublished":"2020-12-15T12:08:44+00:00","dateModified":"2023-08-31T13:03:56+00:00","description":"Pridaj sa k HOPIN kuri\u00e9rom. Z\u00edskaj z\u00e1kazn\u00edkov cez HOPIN aplik\u00e1ciu, ktor\u00e1 po novom doru\u010duje aj z\u00e1sielky. Registruj sa a pridaj sa k HOPIN kuri\u00e9rom u\u017e dnes. Aktu\u00e1lne voz\u00edme z\u00e1sielky najm\u00e4 v Bratislave, \u010doskoro pribudn\u00fa aj \u010fal\u0161ie mest\u00e1.","breadcrumb":{"@id":"https:\/\/hopintaxi.com\/en\/drivercourier\/#breadcrumb"},"inLanguage":"en-US","potentialAction":[{"@type":"ReadAction","target":["https:\/\/hopintaxi.com\/en\/drivercourier\/"]}]},{"@type":"BreadcrumbList","@id":"https:\/\/hopintaxi.com\/en\/drivercourier\/#breadcrumb","itemListElement":[{"@type":"ListItem","position":1,"name":"Home","item":"https:\/\/hopintaxi.com\/en\/"},{"@type":"ListItem","position":2,"name":"COURIER driver"}]},{"@type":"WebSite","@id":"https:\/\/hopintaxi.com\/hu\/#website","url":"https:\/\/hopintaxi.com\/hu\/","name":"Wordpress","description":"Just another WordPress site","potentialAction":[{"@type":"SearchAction","target":{"@type":"EntryPoint","urlTemplate":"https:\/\/hopintaxi.com\/hu\/?s={search_term_string}"},"query-input":{"@type":"PropertyValueSpecification","valueRequired":true,"valueName":"search_term_string"}}],"inLanguage":"en-US"}]}},"_links":{"self":[{"href":"https:\/\/hopintaxi.com\/en\/wp-json\/wp\/v2\/pages\/91123","targetHints":{"allow":["GET"]}}],"collection":[{"href":"https:\/\/hopintaxi.com\/en\/wp-json\/wp\/v2\/pages"}],"about":[{"href":"https:\/\/hopintaxi.com\/en\/wp-json\/wp\/v2\/types\/page"}],"author":[{"embeddable":true,"href":"https:\/\/hopintaxi.com\/en\/wp-json\/wp\/v2\/users\/2"}],"replies":[{"embeddable":true,"href":"https:\/\/hopintaxi.com\/en\/wp-json\/wp\/v2\/comments?post=91123"}],"version-history":[{"count":0,"href":"https:\/\/hopintaxi.com\/en\/wp-json\/wp\/v2\/pages\/91123\/revisions"}],"wp:attachment":[{"href":"https:\/\/hopintaxi.com\/en\/wp-json\/wp\/v2\/media?parent=91123"}],"wp:term":[{"taxonomy":"post_tag","embeddable":true,"href":"https:\/\/hopintaxi.com\/en\/wp-json\/wp\/v2\/tags?post=91123"}],"curies":[{"name":"wp","href":"https:\/\/api.w.org\/{rel}","templated":true}]}}