{"id":1141,"date":"2017-09-16T17:10:44","date_gmt":"2017-09-16T17:10:44","guid":{"rendered":"http:\/\/hopinnew.hopintaxi.com\/doprava-zamestnanci\/"},"modified":"2018-01-26T14:33:25","modified_gmt":"2018-01-26T14:33:25","slug":"employees","status":"publish","type":"page","link":"https:\/\/hopintaxi.com\/cs\/company\/employees\/","title":{"rendered":"Chci odvoz pro sv\u00e9 zam\u011bstnance"},"content":{"rendered":"","protected":false},"excerpt":{"rendered":"","protected":false},"author":1,"featured_media":0,"parent":1145,"menu_order":0,"comment_status":"closed","ping_status":"closed","template":"template-pages\/page-hero-header.php","meta":{"_acf_changed":false,"_mo_disable_npp":"","inline_featured_image":false,"footnotes":""},"tags":[],"class_list":["post-1141","page","type-page","status-publish","hentry"],"acf":[],"yoast_head":"<!-- This site is optimized with the Yoast SEO plugin v27.4 - https:\/\/yoast.com\/product\/yoast-seo-wordpress\/ -->\n<title>HOPIN - Firemn\u00ed j\u00edzdy pro zam\u011bstnance<\/title>\n<meta name=\"description\" content=\"HOPIN - Firemn\u00ed j\u00edzdy pro zam\u011bstnance\" \/>\n<meta name=\"robots\" content=\"index, follow, max-snippet:-1, max-image-preview:large, max-video-preview:-1\" \/>\n<link rel=\"canonical\" href=\"https:\/\/hopintaxi.com\/cs\/company\/employees\/\" \/>\n<meta property=\"og:locale\" content=\"cs_CZ\" \/>\n<meta property=\"og:type\" content=\"article\" \/>\n<meta property=\"og:title\" content=\"HOPIN - Firemn\u00ed j\u00edzdy pro zam\u011bstnance\" \/>\n<meta property=\"og:description\" content=\"HOPIN - Firemn\u00ed j\u00edzdy pro zam\u011bstnance\" \/>\n<meta property=\"og:url\" content=\"https:\/\/hopintaxi.com\/cs\/company\/employees\/\" \/>\n<meta property=\"og:site_name\" content=\"Wordpress\" \/>\n<meta property=\"article:modified_time\" content=\"2018-01-26T14:33:25+00:00\" \/>\n<meta name=\"twitter:card\" content=\"summary_large_image\" \/>\n<script type=\"application\/ld+json\" class=\"yoast-schema-graph\">{\"@context\":\"https:\\\/\\\/schema.org\",\"@graph\":[{\"@type\":\"WebPage\",\"@id\":\"https:\\\/\\\/hopintaxi.com\\\/cs\\\/company\\\/employees\\\/\",\"url\":\"https:\\\/\\\/hopintaxi.com\\\/cs\\\/company\\\/employees\\\/\",\"name\":\"HOPIN - Firemn\u00ed j\u00edzdy pro zam\u011bstnance\",\"isPartOf\":{\"@id\":\"https:\\\/\\\/hopintaxi.com\\\/hu\\\/#website\"},\"datePublished\":\"2017-09-16T17:10:44+00:00\",\"dateModified\":\"2018-01-26T14:33:25+00:00\",\"description\":\"HOPIN - Firemn\u00ed j\u00edzdy pro zam\u011bstnance\",\"breadcrumb\":{\"@id\":\"https:\\\/\\\/hopintaxi.com\\\/cs\\\/company\\\/employees\\\/#breadcrumb\"},\"inLanguage\":\"cs\",\"potentialAction\":[{\"@type\":\"ReadAction\",\"target\":[\"https:\\\/\\\/hopintaxi.com\\\/cs\\\/company\\\/employees\\\/\"]}]},{\"@type\":\"BreadcrumbList\",\"@id\":\"https:\\\/\\\/hopintaxi.com\\\/cs\\\/company\\\/employees\\\/#breadcrumb\",\"itemListElement\":[{\"@type\":\"ListItem\",\"position\":1,\"name\":\"Home\",\"item\":\"https:\\\/\\\/hopintaxi.com\\\/cs\\\/\"},{\"@type\":\"ListItem\",\"position\":2,\"name\":\"Firma\",\"item\":\"https:\\\/\\\/hopintaxi.com\\\/cs\\\/company\\\/\"},{\"@type\":\"ListItem\",\"position\":3,\"name\":\"Chci odvoz pro sv\u00e9 zam\u011bstnance\"}]},{\"@type\":\"WebSite\",\"@id\":\"https:\\\/\\\/hopintaxi.com\\\/hu\\\/#website\",\"url\":\"https:\\\/\\\/hopintaxi.com\\\/hu\\\/\",\"name\":\"Wordpress\",\"description\":\"Just another WordPress site\",\"potentialAction\":[{\"@type\":\"SearchAction\",\"target\":{\"@type\":\"EntryPoint\",\"urlTemplate\":\"https:\\\/\\\/hopintaxi.com\\\/hu\\\/?s={search_term_string}\"},\"query-input\":{\"@type\":\"PropertyValueSpecification\",\"valueRequired\":true,\"valueName\":\"search_term_string\"}}],\"inLanguage\":\"cs\"}]}<\/script>\n<!-- \/ Yoast SEO plugin. -->","yoast_head_json":{"title":"HOPIN - Firemn\u00ed j\u00edzdy pro zam\u011bstnance","description":"HOPIN - Firemn\u00ed j\u00edzdy pro zam\u011bstnance","robots":{"index":"index","follow":"follow","max-snippet":"max-snippet:-1","max-image-preview":"max-image-preview:large","max-video-preview":"max-video-preview:-1"},"canonical":"https:\/\/hopintaxi.com\/cs\/company\/employees\/","og_locale":"cs_CZ","og_type":"article","og_title":"HOPIN - Firemn\u00ed j\u00edzdy pro zam\u011bstnance","og_description":"HOPIN - Firemn\u00ed j\u00edzdy pro zam\u011bstnance","og_url":"https:\/\/hopintaxi.com\/cs\/company\/employees\/","og_site_name":"Wordpress","article_modified_time":"2018-01-26T14:33:25+00:00","twitter_card":"summary_large_image","schema":{"@context":"https:\/\/schema.org","@graph":[{"@type":"WebPage","@id":"https:\/\/hopintaxi.com\/cs\/company\/employees\/","url":"https:\/\/hopintaxi.com\/cs\/company\/employees\/","name":"HOPIN - Firemn\u00ed j\u00edzdy pro zam\u011bstnance","isPartOf":{"@id":"https:\/\/hopintaxi.com\/hu\/#website"},"datePublished":"2017-09-16T17:10:44+00:00","dateModified":"2018-01-26T14:33:25+00:00","description":"HOPIN - Firemn\u00ed j\u00edzdy pro zam\u011bstnance","breadcrumb":{"@id":"https:\/\/hopintaxi.com\/cs\/company\/employees\/#breadcrumb"},"inLanguage":"cs","potentialAction":[{"@type":"ReadAction","target":["https:\/\/hopintaxi.com\/cs\/company\/employees\/"]}]},{"@type":"BreadcrumbList","@id":"https:\/\/hopintaxi.com\/cs\/company\/employees\/#breadcrumb","itemListElement":[{"@type":"ListItem","position":1,"name":"Home","item":"https:\/\/hopintaxi.com\/cs\/"},{"@type":"ListItem","position":2,"name":"Firma","item":"https:\/\/hopintaxi.com\/cs\/company\/"},{"@type":"ListItem","position":3,"name":"Chci odvoz pro sv\u00e9 zam\u011bstnance"}]},{"@type":"WebSite","@id":"https:\/\/hopintaxi.com\/hu\/#website","url":"https:\/\/hopintaxi.com\/hu\/","name":"Wordpress","description":"Just another WordPress site","potentialAction":[{"@type":"SearchAction","target":{"@type":"EntryPoint","urlTemplate":"https:\/\/hopintaxi.com\/hu\/?s={search_term_string}"},"query-input":{"@type":"PropertyValueSpecification","valueRequired":true,"valueName":"search_term_string"}}],"inLanguage":"cs"}]}},"_links":{"self":[{"href":"https:\/\/hopintaxi.com\/cs\/wp-json\/wp\/v2\/pages\/1141","targetHints":{"allow":["GET"]}}],"collection":[{"href":"https:\/\/hopintaxi.com\/cs\/wp-json\/wp\/v2\/pages"}],"about":[{"href":"https:\/\/hopintaxi.com\/cs\/wp-json\/wp\/v2\/types\/page"}],"author":[{"embeddable":true,"href":"https:\/\/hopintaxi.com\/cs\/wp-json\/wp\/v2\/users\/1"}],"replies":[{"embeddable":true,"href":"https:\/\/hopintaxi.com\/cs\/wp-json\/wp\/v2\/comments?post=1141"}],"version-history":[{"count":0,"href":"https:\/\/hopintaxi.com\/cs\/wp-json\/wp\/v2\/pages\/1141\/revisions"}],"up":[{"embeddable":true,"href":"https:\/\/hopintaxi.com\/cs\/wp-json\/wp\/v2\/pages\/1145"}],"wp:attachment":[{"href":"https:\/\/hopintaxi.com\/cs\/wp-json\/wp\/v2\/media?parent=1141"}],"wp:term":[{"taxonomy":"post_tag","embeddable":true,"href":"https:\/\/hopintaxi.com\/cs\/wp-json\/wp\/v2\/tags?post=1141"}],"curies":[{"name":"wp","href":"https:\/\/api.w.org\/{rel}","templated":true}]}}